{"id":779,"date":"2023-08-19T20:10:42","date_gmt":"2023-08-19T18:10:42","guid":{"rendered":"https:\/\/academiaeinstein.es\/wp\/?post_type=product&#038;p=779"},"modified":"2023-11-08T03:39:00","modified_gmt":"2023-11-08T02:39:00","slug":"curso-3","status":"publish","type":"product","link":"https:\/\/academiaeinstein.es\/wp\/producto\/curso-3\/","title":{"rendered":"Dise\u00f1o b\u00e1sico de p\u00e1ginas web"},"content":{"rendered":"","protected":false},"excerpt":{"rendered":"<p><b>25 Horas<\/b><\/p>\n","protected":false},"featured_media":451,"template":"","meta":{"_joinchat":{"message_text":"\u00a1Este {PRODUCT} puede ser tuyo solo por {PRICE}!\nSi tienes alguna duda, preguntanos.","message_send":"\u00a1Hola {SITE} Tengo una pregunta sobre\n{PRODUCT} {URL}","view":"yes"}},"product_brand":[],"product_cat":[15],"product_tag":[],"class_list":{"0":"post-779","1":"product","2":"type-product","3":"status-publish","4":"has-post-thumbnail","6":"product_cat-formacion-tripartita","8":"first","9":"instock","10":"taxable","11":"shipping-taxable","12":"purchasable","13":"product-type-simple"},"yoast_head":"<!-- This site is optimized with the Yoast SEO Premium plugin v20.4 (Yoast SEO v26.4) - https:\/\/yoast.com\/wordpress\/plugins\/seo\/ -->\n<title>Dise\u00f1o b\u00e1sico de p\u00e1ginas web | Academia Einstein<\/title>\n<meta name=\"robots\" content=\"index, follow, max-snippet:-1, max-image-preview:large, max-video-preview:-1\" \/>\n<link rel=\"canonical\" href=\"https:\/\/academiaeinstein.es\/wp\/producto\/curso-3\/\" \/>\n<meta property=\"og:locale\" content=\"es_ES\" \/>\n<meta property=\"og:type\" content=\"article\" \/>\n<meta property=\"og:title\" content=\"Dise\u00f1o b\u00e1sico de p\u00e1ginas web\" \/>\n<meta property=\"og:description\" content=\"25 Horas\" \/>\n<meta property=\"og:url\" content=\"https:\/\/academiaeinstein.es\/wp\/producto\/curso-3\/\" \/>\n<meta property=\"og:site_name\" content=\"Academia Einstein\" \/>\n<meta property=\"article:modified_time\" content=\"2023-11-08T02:39:00+00:00\" \/>\n<meta property=\"og:image\" content=\"https:\/\/academiaeinstein.es\/wp\/wp-content\/uploads\/2023\/08\/Diseno-sin-titulo-3.jpg\" \/>\n\t<meta property=\"og:image:width\" content=\"1920\" \/>\n\t<meta property=\"og:image:height\" content=\"1080\" \/>\n\t<meta property=\"og:image:type\" content=\"image\/jpeg\" \/>\n<meta name=\"twitter:card\" content=\"summary_large_image\" \/>\n<script type=\"application\/ld+json\" class=\"yoast-schema-graph\">{\"@context\":\"https:\/\/schema.org\",\"@graph\":[{\"@type\":\"WebPage\",\"@id\":\"https:\/\/academiaeinstein.es\/wp\/producto\/curso-3\/\",\"url\":\"https:\/\/academiaeinstein.es\/wp\/producto\/curso-3\/\",\"name\":\"Dise\u00f1o b\u00e1sico de p\u00e1ginas web | Academia Einstein\",\"isPartOf\":{\"@id\":\"https:\/\/academiaeinstein.es\/wp\/#website\"},\"primaryImageOfPage\":{\"@id\":\"https:\/\/academiaeinstein.es\/wp\/producto\/curso-3\/#primaryimage\"},\"image\":{\"@id\":\"https:\/\/academiaeinstein.es\/wp\/producto\/curso-3\/#primaryimage\"},\"thumbnailUrl\":\"https:\/\/academiaeinstein.es\/wp\/wp-content\/uploads\/2023\/08\/Diseno-sin-titulo-3.jpg\",\"datePublished\":\"2023-08-19T18:10:42+00:00\",\"dateModified\":\"2023-11-08T02:39:00+00:00\",\"breadcrumb\":{\"@id\":\"https:\/\/academiaeinstein.es\/wp\/producto\/curso-3\/#breadcrumb\"},\"inLanguage\":\"es\",\"potentialAction\":[{\"@type\":\"ReadAction\",\"target\":[\"https:\/\/academiaeinstein.es\/wp\/producto\/curso-3\/\"]}]},{\"@type\":\"ImageObject\",\"inLanguage\":\"es\",\"@id\":\"https:\/\/academiaeinstein.es\/wp\/producto\/curso-3\/#primaryimage\",\"url\":\"https:\/\/academiaeinstein.es\/wp\/wp-content\/uploads\/2023\/08\/Diseno-sin-titulo-3.jpg\",\"contentUrl\":\"https:\/\/academiaeinstein.es\/wp\/wp-content\/uploads\/2023\/08\/Diseno-sin-titulo-3.jpg\",\"width\":1920,\"height\":1080},{\"@type\":\"BreadcrumbList\",\"@id\":\"https:\/\/academiaeinstein.es\/wp\/producto\/curso-3\/#breadcrumb\",\"itemListElement\":[{\"@type\":\"ListItem\",\"position\":1,\"name\":\"Portada\",\"item\":\"https:\/\/academiaeinstein.es\/wp\/\"},{\"@type\":\"ListItem\",\"position\":2,\"name\":\"COMPRAR\",\"item\":\"https:\/\/academiaeinstein.es\/wp\/comprar\/\"},{\"@type\":\"ListItem\",\"position\":3,\"name\":\"Dise\u00f1o b\u00e1sico de p\u00e1ginas web\"}]},{\"@type\":\"WebSite\",\"@id\":\"https:\/\/academiaeinstein.es\/wp\/#website\",\"url\":\"https:\/\/academiaeinstein.es\/wp\/\",\"name\":\"Academia Einstein\",\"description\":\"Aprende con academia Einsten de manera rapida, sencilla y eficaz\",\"publisher\":{\"@id\":\"https:\/\/academiaeinstein.es\/wp\/#organization\"},\"potentialAction\":[{\"@type\":\"SearchAction\",\"target\":{\"@type\":\"EntryPoint\",\"urlTemplate\":\"https:\/\/academiaeinstein.es\/wp\/?s={search_term_string}\"},\"query-input\":{\"@type\":\"PropertyValueSpecification\",\"valueRequired\":true,\"valueName\":\"search_term_string\"}}],\"inLanguage\":\"es\"},{\"@type\":\"Organization\",\"@id\":\"https:\/\/academiaeinstein.es\/wp\/#organization\",\"name\":\"Academia Einstein\",\"url\":\"https:\/\/academiaeinstein.es\/wp\/\",\"logo\":{\"@type\":\"ImageObject\",\"inLanguage\":\"es\",\"@id\":\"https:\/\/academiaeinstein.es\/wp\/#\/schema\/logo\/image\/\",\"url\":\"https:\/\/academiaeinstein.es\/wp\/wp-content\/uploads\/2023\/08\/Einstein-logo.png\",\"contentUrl\":\"https:\/\/academiaeinstein.es\/wp\/wp-content\/uploads\/2023\/08\/Einstein-logo.png\",\"width\":1006,\"height\":1060,\"caption\":\"Academia Einstein\"},\"image\":{\"@id\":\"https:\/\/academiaeinstein.es\/wp\/#\/schema\/logo\/image\/\"}}]}<\/script>\n<!-- \/ Yoast SEO Premium plugin. -->","yoast_head_json":{"title":"Dise\u00f1o b\u00e1sico de p\u00e1ginas web | Academia Einstein","robots":{"index":"index","follow":"follow","max-snippet":"max-snippet:-1","max-image-preview":"max-image-preview:large","max-video-preview":"max-video-preview:-1"},"canonical":"https:\/\/academiaeinstein.es\/wp\/producto\/curso-3\/","og_locale":"es_ES","og_type":"article","og_title":"Dise\u00f1o b\u00e1sico de p\u00e1ginas web","og_description":"25 Horas","og_url":"https:\/\/academiaeinstein.es\/wp\/producto\/curso-3\/","og_site_name":"Academia Einstein","article_modified_time":"2023-11-08T02:39:00+00:00","og_image":[{"width":1920,"height":1080,"url":"https:\/\/academiaeinstein.es\/wp\/wp-content\/uploads\/2023\/08\/Diseno-sin-titulo-3.jpg","type":"image\/jpeg"}],"twitter_card":"summary_large_image","schema":{"@context":"https:\/\/schema.org","@graph":[{"@type":"WebPage","@id":"https:\/\/academiaeinstein.es\/wp\/producto\/curso-3\/","url":"https:\/\/academiaeinstein.es\/wp\/producto\/curso-3\/","name":"Dise\u00f1o b\u00e1sico de p\u00e1ginas web | Academia Einstein","isPartOf":{"@id":"https:\/\/academiaeinstein.es\/wp\/#website"},"primaryImageOfPage":{"@id":"https:\/\/academiaeinstein.es\/wp\/producto\/curso-3\/#primaryimage"},"image":{"@id":"https:\/\/academiaeinstein.es\/wp\/producto\/curso-3\/#primaryimage"},"thumbnailUrl":"https:\/\/academiaeinstein.es\/wp\/wp-content\/uploads\/2023\/08\/Diseno-sin-titulo-3.jpg","datePublished":"2023-08-19T18:10:42+00:00","dateModified":"2023-11-08T02:39:00+00:00","breadcrumb":{"@id":"https:\/\/academiaeinstein.es\/wp\/producto\/curso-3\/#breadcrumb"},"inLanguage":"es","potentialAction":[{"@type":"ReadAction","target":["https:\/\/academiaeinstein.es\/wp\/producto\/curso-3\/"]}]},{"@type":"ImageObject","inLanguage":"es","@id":"https:\/\/academiaeinstein.es\/wp\/producto\/curso-3\/#primaryimage","url":"https:\/\/academiaeinstein.es\/wp\/wp-content\/uploads\/2023\/08\/Diseno-sin-titulo-3.jpg","contentUrl":"https:\/\/academiaeinstein.es\/wp\/wp-content\/uploads\/2023\/08\/Diseno-sin-titulo-3.jpg","width":1920,"height":1080},{"@type":"BreadcrumbList","@id":"https:\/\/academiaeinstein.es\/wp\/producto\/curso-3\/#breadcrumb","itemListElement":[{"@type":"ListItem","position":1,"name":"Portada","item":"https:\/\/academiaeinstein.es\/wp\/"},{"@type":"ListItem","position":2,"name":"COMPRAR","item":"https:\/\/academiaeinstein.es\/wp\/comprar\/"},{"@type":"ListItem","position":3,"name":"Dise\u00f1o b\u00e1sico de p\u00e1ginas web"}]},{"@type":"WebSite","@id":"https:\/\/academiaeinstein.es\/wp\/#website","url":"https:\/\/academiaeinstein.es\/wp\/","name":"Academia Einstein","description":"Aprende con academia Einsten de manera rapida, sencilla y eficaz","publisher":{"@id":"https:\/\/academiaeinstein.es\/wp\/#organization"},"potentialAction":[{"@type":"SearchAction","target":{"@type":"EntryPoint","urlTemplate":"https:\/\/academiaeinstein.es\/wp\/?s={search_term_string}"},"query-input":{"@type":"PropertyValueSpecification","valueRequired":true,"valueName":"search_term_string"}}],"inLanguage":"es"},{"@type":"Organization","@id":"https:\/\/academiaeinstein.es\/wp\/#organization","name":"Academia Einstein","url":"https:\/\/academiaeinstein.es\/wp\/","logo":{"@type":"ImageObject","inLanguage":"es","@id":"https:\/\/academiaeinstein.es\/wp\/#\/schema\/logo\/image\/","url":"https:\/\/academiaeinstein.es\/wp\/wp-content\/uploads\/2023\/08\/Einstein-logo.png","contentUrl":"https:\/\/academiaeinstein.es\/wp\/wp-content\/uploads\/2023\/08\/Einstein-logo.png","width":1006,"height":1060,"caption":"Academia Einstein"},"image":{"@id":"https:\/\/academiaeinstein.es\/wp\/#\/schema\/logo\/image\/"}}]}},"_links":{"self":[{"href":"https:\/\/academiaeinstein.es\/wp\/wp-json\/wp\/v2\/product\/779","targetHints":{"allow":["GET"]}}],"collection":[{"href":"https:\/\/academiaeinstein.es\/wp\/wp-json\/wp\/v2\/product"}],"about":[{"href":"https:\/\/academiaeinstein.es\/wp\/wp-json\/wp\/v2\/types\/product"}],"version-history":[{"count":0,"href":"https:\/\/academiaeinstein.es\/wp\/wp-json\/wp\/v2\/product\/779\/revisions"}],"wp:featuredmedia":[{"embeddable":true,"href":"https:\/\/academiaeinstein.es\/wp\/wp-json\/wp\/v2\/media\/451"}],"wp:attachment":[{"href":"https:\/\/academiaeinstein.es\/wp\/wp-json\/wp\/v2\/media?parent=779"}],"wp:term":[{"taxonomy":"product_brand","embeddable":true,"href":"https:\/\/academiaeinstein.es\/wp\/wp-json\/wp\/v2\/product_brand?post=779"},{"taxonomy":"product_cat","embeddable":true,"href":"https:\/\/academiaeinstein.es\/wp\/wp-json\/wp\/v2\/product_cat?post=779"},{"taxonomy":"product_tag","embeddable":true,"href":"https:\/\/academiaeinstein.es\/wp\/wp-json\/wp\/v2\/product_tag?post=779"}],"curies":[{"name":"wp","href":"https:\/\/api.w.org\/{rel}","templated":true}]}}