{"id":2145,"date":"2025-10-28T13:20:33","date_gmt":"2025-10-28T12:20:33","guid":{"rendered":"https:\/\/academiaeinstein.es\/wp\/?page_id=2145"},"modified":"2025-10-28T13:37:36","modified_gmt":"2025-10-28T12:37:36","slug":"cursos_online","status":"publish","type":"page","link":"https:\/\/academiaeinstein.es\/wp\/cursos_online\/","title":{"rendered":"CURSOS ONLINE"},"content":{"rendered":"\t\t<div data-elementor-type=\"wp-page\" data-elementor-id=\"2145\" class=\"elementor elementor-2145\" data-elementor-post-type=\"page\">\n\t\t\t\t\t\t<section class=\"elementor-section elementor-top-section elementor-element elementor-element-c534325 elementor-section-content-middle elementor-section-height-min-height elementor-section-boxed elementor-section-height-default elementor-section-items-middle elementor-invisible\" data-id=\"c534325\" data-element_type=\"section\" data-settings=\"{&quot;background_background&quot;:&quot;classic&quot;,&quot;animation&quot;:&quot;fadeIn&quot;}\">\n\t\t\t\t\t\t\t<div class=\"elementor-background-overlay\"><\/div>\n\t\t\t\t\t\t\t<div class=\"elementor-container elementor-column-gap-default\">\n\t\t\t\t\t<div class=\"elementor-column elementor-col-100 elementor-top-column elementor-element elementor-element-f1ba24d\" data-id=\"f1ba24d\" data-element_type=\"column\">\n\t\t\t<div class=\"elementor-widget-wrap elementor-element-populated\">\n\t\t\t\t\t\t<div class=\"elementor-element elementor-element-61d316a elementor-widget__width-auto elementor-widget-tablet__width-initial elementor-hidden-mobile elementor-absolute elementor-invisible elementor-widget elementor-widget-image\" data-id=\"61d316a\" data-element_type=\"widget\" data-settings=\"{&quot;_animation&quot;:&quot;zoomIn&quot;,&quot;_animation_delay&quot;:300,&quot;_position&quot;:&quot;absolute&quot;}\" data-widget_type=\"image.default\">\n\t\t\t\t<div class=\"elementor-widget-container\">\n\t\t\t\t\t\t\t\t\t\t\t\t\t\t\t<img decoding=\"async\" width=\"131\" height=\"120\" src=\"https:\/\/academiaeinstein.es\/wp\/wp-content\/uploads\/2023\/08\/particles_1.png\" class=\"attachment-full size-full wp-image-104\" alt=\"\" \/>\t\t\t\t\t\t\t\t\t\t\t\t\t\t\t<\/div>\n\t\t\t\t<\/div>\n\t\t\t\t<div class=\"elementor-element elementor-element-51b14b8 elementor-widget__width-auto elementor-widget-tablet__width-initial elementor-hidden-tablet elementor-hidden-mobile elementor-absolute elementor-invisible elementor-widget elementor-widget-image\" data-id=\"51b14b8\" data-element_type=\"widget\" data-settings=\"{&quot;_animation&quot;:&quot;rollIn&quot;,&quot;_animation_delay&quot;:300,&quot;_position&quot;:&quot;absolute&quot;}\" data-widget_type=\"image.default\">\n\t\t\t\t<div class=\"elementor-widget-container\">\n\t\t\t\t\t\t\t\t\t\t\t\t\t\t\t<img decoding=\"async\" width=\"59\" height=\"59\" src=\"https:\/\/academiaeinstein.es\/wp\/wp-content\/uploads\/2023\/08\/particles_2.png\" class=\"attachment-full size-full wp-image-103\" alt=\"\" \/>\t\t\t\t\t\t\t\t\t\t\t\t\t\t\t<\/div>\n\t\t\t\t<\/div>\n\t\t\t\t<div class=\"elementor-element elementor-element-4043c4e elementor-invisible elementor-widget elementor-widget-elementskit-heading\" data-id=\"4043c4e\" data-element_type=\"widget\" data-settings=\"{&quot;_animation&quot;:&quot;fadeInDown&quot;}\" data-widget_type=\"elementskit-heading.default\">\n\t\t\t\t<div class=\"elementor-widget-container\">\n\t\t\t\t\t<div class=\"ekit-wid-con\" ><div class=\"ekit-heading elementskit-section-title-wraper text_center   ekit_heading_tablet-   ekit_heading_mobile-\"><h1 class=\"ekit-heading--title elementskit-section-title \">Formaci\u00f3n en l\u00ednea<br> (Teleformaci\u00f3n)<\/h1><\/div><\/div>\t\t\t\t<\/div>\n\t\t\t\t<\/div>\n\t\t\t\t\t<\/div>\n\t\t<\/div>\n\t\t\t\t\t<\/div>\n\t\t<\/section>\n\t\t\t\t<section class=\"elementor-section elementor-top-section elementor-element elementor-element-c089df2 elementor-section-boxed elementor-section-height-default elementor-section-height-default\" data-id=\"c089df2\" data-element_type=\"section\" data-settings=\"{&quot;background_background&quot;:&quot;gradient&quot;}\">\n\t\t\t\t\t\t<div class=\"elementor-container elementor-column-gap-default\">\n\t\t\t\t\t<div class=\"elementor-column elementor-col-100 elementor-top-column elementor-element elementor-element-1af00ba\" data-id=\"1af00ba\" data-element_type=\"column\">\n\t\t\t<div class=\"elementor-widget-wrap elementor-element-populated\">\n\t\t\t\t\t\t<div class=\"elementor-element elementor-element-3eea91f elementor-widget elementor-widget-heading\" data-id=\"3eea91f\" data-element_type=\"widget\" data-widget_type=\"heading.default\">\n\t\t\t\t<div class=\"elementor-widget-container\">\n\t\t\t\t\t<h2 class=\"elementor-heading-title elementor-size-default\">TELEFORMACI\u00d3N<\/h2>\t\t\t\t<\/div>\n\t\t\t\t<\/div>\n\t\t\t\t\t<\/div>\n\t\t<\/div>\n\t\t\t\t\t<\/div>\n\t\t<\/section>\n\t\t\t\t<section class=\"elementor-section elementor-top-section elementor-element elementor-element-e573a6f elementor-section-boxed elementor-section-height-default elementor-section-height-default\" data-id=\"e573a6f\" data-element_type=\"section\">\n\t\t\t\t\t\t<div class=\"elementor-container elementor-column-gap-default\">\n\t\t\t\t\t<div class=\"elementor-column elementor-col-50 elementor-top-column elementor-element elementor-element-61eaaf2\" data-id=\"61eaaf2\" data-element_type=\"column\">\n\t\t\t<div class=\"elementor-widget-wrap elementor-element-populated\">\n\t\t\t\t\t\t<div class=\"elementor-element elementor-element-4ac6266 elementor-widget elementor-widget-image\" data-id=\"4ac6266\" data-element_type=\"widget\" data-widget_type=\"image.default\">\n\t\t\t\t<div class=\"elementor-widget-container\">\n\t\t\t\t\t\t\t\t\t\t\t\t\t\t\t<img fetchpriority=\"high\" decoding=\"async\" width=\"600\" height=\"555\" src=\"https:\/\/academiaeinstein.es\/wp\/wp-content\/uploads\/2023\/08\/girl-making-a-video-call-online-on-the-internet-P6P4AL5.jpg\" class=\"attachment-full size-full wp-image-188\" alt=\"\" srcset=\"https:\/\/academiaeinstein.es\/wp\/wp-content\/uploads\/2023\/08\/girl-making-a-video-call-online-on-the-internet-P6P4AL5.jpg 600w, https:\/\/academiaeinstein.es\/wp\/wp-content\/uploads\/2023\/08\/girl-making-a-video-call-online-on-the-internet-P6P4AL5-300x278.jpg 300w\" sizes=\"(max-width: 600px) 100vw, 600px\" \/>\t\t\t\t\t\t\t\t\t\t\t\t\t\t\t<\/div>\n\t\t\t\t<\/div>\n\t\t\t\t\t<\/div>\n\t\t<\/div>\n\t\t\t\t<div class=\"elementor-column elementor-col-50 elementor-top-column elementor-element elementor-element-c252e1a\" data-id=\"c252e1a\" data-element_type=\"column\">\n\t\t\t<div class=\"elementor-widget-wrap elementor-element-populated\">\n\t\t\t\t\t\t<div class=\"elementor-element elementor-element-3f1b135 elementor-widget elementor-widget-heading\" data-id=\"3f1b135\" data-element_type=\"widget\" data-widget_type=\"heading.default\">\n\t\t\t\t<div class=\"elementor-widget-container\">\n\t\t\t\t\t<h2 class=\"elementor-heading-title elementor-size-default\">PR\u00d3XIMAMENTE<\/h2>\t\t\t\t<\/div>\n\t\t\t\t<\/div>\n\t\t\t\t<div class=\"elementor-element elementor-element-5b852ba elementor-widget elementor-widget-text-editor\" data-id=\"5b852ba\" data-element_type=\"widget\" data-widget_type=\"text-editor.default\">\n\t\t\t\t<div class=\"elementor-widget-container\">\n\t\t\t\t\t\t\t\t\t<h5><br><\/h5><h5><br><\/h5><h5>Pr\u00f3ximamente pondremos a disposici\u00f3n de nuestros usuarios un abanico importante de formaci\u00f3n a distancia con titulaciones oficiales algunas de ellas. Puedes escribirnos al whatsapp si est\u00e1s interesado en una determinada teleformaci\u00f3n y consultarnos.<\/h5>\t\t\t\t\t\t\t\t<\/div>\n\t\t\t\t<\/div>\n\t\t\t\t\t<\/div>\n\t\t<\/div>\n\t\t\t\t\t<\/div>\n\t\t<\/section>\n\t\t\t\t<\/div>\n\t\t","protected":false},"excerpt":{"rendered":"<p>Formaci\u00f3n en l\u00ednea (Teleformaci\u00f3n) TELEFORMACI\u00d3N PR\u00d3XIMAMENTE Pr\u00f3ximamente pondremos a disposici\u00f3n de nuestros usuarios un abanico importante de formaci\u00f3n a distancia con titulaciones oficiales algunas de ellas. Puedes escribirnos al whatsapp si est\u00e1s interesado en una determinada teleformaci\u00f3n y consultarnos.<\/p>\n","protected":false},"author":13,"featured_media":0,"parent":0,"menu_order":0,"comment_status":"closed","ping_status":"closed","template":"elementor_header_footer","meta":{"_joinchat":[],"footnotes":""},"class_list":["post-2145","page","type-page","status-publish","hentry"],"yoast_head":"<!-- This site is optimized with the Yoast SEO Premium plugin v20.4 (Yoast SEO v26.4) - https:\/\/yoast.com\/wordpress\/plugins\/seo\/ -->\n<title>CURSOS ONLINE | Academia Einstein<\/title>\n<meta name=\"robots\" content=\"index, follow, max-snippet:-1, max-image-preview:large, max-video-preview:-1\" \/>\n<link rel=\"canonical\" href=\"https:\/\/academiaeinstein.es\/wp\/cursos_online\/\" \/>\n<meta property=\"og:locale\" content=\"es_ES\" \/>\n<meta property=\"og:type\" content=\"article\" \/>\n<meta property=\"og:title\" content=\"CURSOS ONLINE\" \/>\n<meta property=\"og:description\" content=\"Formaci\u00f3n en l\u00ednea (Teleformaci\u00f3n) TELEFORMACI\u00d3N PR\u00d3XIMAMENTE Pr\u00f3ximamente pondremos a disposici\u00f3n de nuestros usuarios un abanico importante de formaci\u00f3n a distancia con titulaciones oficiales algunas de ellas. Puedes escribirnos al whatsapp si est\u00e1s interesado en una determinada teleformaci\u00f3n y consultarnos.\" \/>\n<meta property=\"og:url\" content=\"https:\/\/academiaeinstein.es\/wp\/cursos_online\/\" \/>\n<meta property=\"og:site_name\" content=\"Academia Einstein\" \/>\n<meta property=\"article:modified_time\" content=\"2025-10-28T12:37:36+00:00\" \/>\n<meta property=\"og:image\" content=\"https:\/\/academiaeinstein.es\/wp\/wp-content\/uploads\/2023\/08\/particles_1.png\" \/>\n\t<meta property=\"og:image:width\" content=\"131\" \/>\n\t<meta property=\"og:image:height\" content=\"120\" \/>\n\t<meta property=\"og:image:type\" content=\"image\/png\" \/>\n<meta name=\"twitter:card\" content=\"summary_large_image\" \/>\n<meta name=\"twitter:label1\" content=\"Tiempo de lectura\" \/>\n\t<meta name=\"twitter:data1\" content=\"1 minuto\" \/>\n<script type=\"application\/ld+json\" class=\"yoast-schema-graph\">{\"@context\":\"https:\/\/schema.org\",\"@graph\":[{\"@type\":\"WebPage\",\"@id\":\"https:\/\/academiaeinstein.es\/wp\/cursos_online\/\",\"url\":\"https:\/\/academiaeinstein.es\/wp\/cursos_online\/\",\"name\":\"CURSOS ONLINE | Academia Einstein\",\"isPartOf\":{\"@id\":\"https:\/\/academiaeinstein.es\/wp\/#website\"},\"primaryImageOfPage\":{\"@id\":\"https:\/\/academiaeinstein.es\/wp\/cursos_online\/#primaryimage\"},\"image\":{\"@id\":\"https:\/\/academiaeinstein.es\/wp\/cursos_online\/#primaryimage\"},\"thumbnailUrl\":\"https:\/\/academiaeinstein.es\/wp\/wp-content\/uploads\/2023\/08\/particles_1.png\",\"datePublished\":\"2025-10-28T12:20:33+00:00\",\"dateModified\":\"2025-10-28T12:37:36+00:00\",\"breadcrumb\":{\"@id\":\"https:\/\/academiaeinstein.es\/wp\/cursos_online\/#breadcrumb\"},\"inLanguage\":\"es\",\"potentialAction\":[{\"@type\":\"ReadAction\",\"target\":[\"https:\/\/academiaeinstein.es\/wp\/cursos_online\/\"]}]},{\"@type\":\"ImageObject\",\"inLanguage\":\"es\",\"@id\":\"https:\/\/academiaeinstein.es\/wp\/cursos_online\/#primaryimage\",\"url\":\"https:\/\/academiaeinstein.es\/wp\/wp-content\/uploads\/2023\/08\/particles_1.png\",\"contentUrl\":\"https:\/\/academiaeinstein.es\/wp\/wp-content\/uploads\/2023\/08\/particles_1.png\",\"width\":131,\"height\":120},{\"@type\":\"BreadcrumbList\",\"@id\":\"https:\/\/academiaeinstein.es\/wp\/cursos_online\/#breadcrumb\",\"itemListElement\":[{\"@type\":\"ListItem\",\"position\":1,\"name\":\"Portada\",\"item\":\"https:\/\/academiaeinstein.es\/wp\/\"},{\"@type\":\"ListItem\",\"position\":2,\"name\":\"CURSOS ONLINE\"}]},{\"@type\":\"WebSite\",\"@id\":\"https:\/\/academiaeinstein.es\/wp\/#website\",\"url\":\"https:\/\/academiaeinstein.es\/wp\/\",\"name\":\"Academia Einstein\",\"description\":\"Aprende con academia Einsten de manera rapida, sencilla y eficaz\",\"publisher\":{\"@id\":\"https:\/\/academiaeinstein.es\/wp\/#organization\"},\"potentialAction\":[{\"@type\":\"SearchAction\",\"target\":{\"@type\":\"EntryPoint\",\"urlTemplate\":\"https:\/\/academiaeinstein.es\/wp\/?s={search_term_string}\"},\"query-input\":{\"@type\":\"PropertyValueSpecification\",\"valueRequired\":true,\"valueName\":\"search_term_string\"}}],\"inLanguage\":\"es\"},{\"@type\":\"Organization\",\"@id\":\"https:\/\/academiaeinstein.es\/wp\/#organization\",\"name\":\"Academia Einstein\",\"url\":\"https:\/\/academiaeinstein.es\/wp\/\",\"logo\":{\"@type\":\"ImageObject\",\"inLanguage\":\"es\",\"@id\":\"https:\/\/academiaeinstein.es\/wp\/#\/schema\/logo\/image\/\",\"url\":\"https:\/\/academiaeinstein.es\/wp\/wp-content\/uploads\/2023\/08\/Einstein-logo.png\",\"contentUrl\":\"https:\/\/academiaeinstein.es\/wp\/wp-content\/uploads\/2023\/08\/Einstein-logo.png\",\"width\":1006,\"height\":1060,\"caption\":\"Academia Einstein\"},\"image\":{\"@id\":\"https:\/\/academiaeinstein.es\/wp\/#\/schema\/logo\/image\/\"}}]}<\/script>\n<!-- \/ Yoast SEO Premium plugin. -->","yoast_head_json":{"title":"CURSOS ONLINE | Academia Einstein","robots":{"index":"index","follow":"follow","max-snippet":"max-snippet:-1","max-image-preview":"max-image-preview:large","max-video-preview":"max-video-preview:-1"},"canonical":"https:\/\/academiaeinstein.es\/wp\/cursos_online\/","og_locale":"es_ES","og_type":"article","og_title":"CURSOS ONLINE","og_description":"Formaci\u00f3n en l\u00ednea (Teleformaci\u00f3n) TELEFORMACI\u00d3N PR\u00d3XIMAMENTE Pr\u00f3ximamente pondremos a disposici\u00f3n de nuestros usuarios un abanico importante de formaci\u00f3n a distancia con titulaciones oficiales algunas de ellas. Puedes escribirnos al whatsapp si est\u00e1s interesado en una determinada teleformaci\u00f3n y consultarnos.","og_url":"https:\/\/academiaeinstein.es\/wp\/cursos_online\/","og_site_name":"Academia Einstein","article_modified_time":"2025-10-28T12:37:36+00:00","og_image":[{"width":131,"height":120,"url":"https:\/\/academiaeinstein.es\/wp\/wp-content\/uploads\/2023\/08\/particles_1.png","type":"image\/png"}],"twitter_card":"summary_large_image","twitter_misc":{"Tiempo de lectura":"1 minuto"},"schema":{"@context":"https:\/\/schema.org","@graph":[{"@type":"WebPage","@id":"https:\/\/academiaeinstein.es\/wp\/cursos_online\/","url":"https:\/\/academiaeinstein.es\/wp\/cursos_online\/","name":"CURSOS ONLINE | Academia Einstein","isPartOf":{"@id":"https:\/\/academiaeinstein.es\/wp\/#website"},"primaryImageOfPage":{"@id":"https:\/\/academiaeinstein.es\/wp\/cursos_online\/#primaryimage"},"image":{"@id":"https:\/\/academiaeinstein.es\/wp\/cursos_online\/#primaryimage"},"thumbnailUrl":"https:\/\/academiaeinstein.es\/wp\/wp-content\/uploads\/2023\/08\/particles_1.png","datePublished":"2025-10-28T12:20:33+00:00","dateModified":"2025-10-28T12:37:36+00:00","breadcrumb":{"@id":"https:\/\/academiaeinstein.es\/wp\/cursos_online\/#breadcrumb"},"inLanguage":"es","potentialAction":[{"@type":"ReadAction","target":["https:\/\/academiaeinstein.es\/wp\/cursos_online\/"]}]},{"@type":"ImageObject","inLanguage":"es","@id":"https:\/\/academiaeinstein.es\/wp\/cursos_online\/#primaryimage","url":"https:\/\/academiaeinstein.es\/wp\/wp-content\/uploads\/2023\/08\/particles_1.png","contentUrl":"https:\/\/academiaeinstein.es\/wp\/wp-content\/uploads\/2023\/08\/particles_1.png","width":131,"height":120},{"@type":"BreadcrumbList","@id":"https:\/\/academiaeinstein.es\/wp\/cursos_online\/#breadcrumb","itemListElement":[{"@type":"ListItem","position":1,"name":"Portada","item":"https:\/\/academiaeinstein.es\/wp\/"},{"@type":"ListItem","position":2,"name":"CURSOS ONLINE"}]},{"@type":"WebSite","@id":"https:\/\/academiaeinstein.es\/wp\/#website","url":"https:\/\/academiaeinstein.es\/wp\/","name":"Academia Einstein","description":"Aprende con academia Einsten de manera rapida, sencilla y eficaz","publisher":{"@id":"https:\/\/academiaeinstein.es\/wp\/#organization"},"potentialAction":[{"@type":"SearchAction","target":{"@type":"EntryPoint","urlTemplate":"https:\/\/academiaeinstein.es\/wp\/?s={search_term_string}"},"query-input":{"@type":"PropertyValueSpecification","valueRequired":true,"valueName":"search_term_string"}}],"inLanguage":"es"},{"@type":"Organization","@id":"https:\/\/academiaeinstein.es\/wp\/#organization","name":"Academia Einstein","url":"https:\/\/academiaeinstein.es\/wp\/","logo":{"@type":"ImageObject","inLanguage":"es","@id":"https:\/\/academiaeinstein.es\/wp\/#\/schema\/logo\/image\/","url":"https:\/\/academiaeinstein.es\/wp\/wp-content\/uploads\/2023\/08\/Einstein-logo.png","contentUrl":"https:\/\/academiaeinstein.es\/wp\/wp-content\/uploads\/2023\/08\/Einstein-logo.png","width":1006,"height":1060,"caption":"Academia Einstein"},"image":{"@id":"https:\/\/academiaeinstein.es\/wp\/#\/schema\/logo\/image\/"}}]}},"_links":{"self":[{"href":"https:\/\/academiaeinstein.es\/wp\/wp-json\/wp\/v2\/pages\/2145","targetHints":{"allow":["GET"]}}],"collection":[{"href":"https:\/\/academiaeinstein.es\/wp\/wp-json\/wp\/v2\/pages"}],"about":[{"href":"https:\/\/academiaeinstein.es\/wp\/wp-json\/wp\/v2\/types\/page"}],"author":[{"embeddable":true,"href":"https:\/\/academiaeinstein.es\/wp\/wp-json\/wp\/v2\/users\/13"}],"replies":[{"embeddable":true,"href":"https:\/\/academiaeinstein.es\/wp\/wp-json\/wp\/v2\/comments?post=2145"}],"version-history":[{"count":4,"href":"https:\/\/academiaeinstein.es\/wp\/wp-json\/wp\/v2\/pages\/2145\/revisions"}],"predecessor-version":[{"id":2149,"href":"https:\/\/academiaeinstein.es\/wp\/wp-json\/wp\/v2\/pages\/2145\/revisions\/2149"}],"wp:attachment":[{"href":"https:\/\/academiaeinstein.es\/wp\/wp-json\/wp\/v2\/media?parent=2145"}],"curies":[{"name":"wp","href":"https:\/\/api.w.org\/{rel}","templated":true}]}}